{"id":442,"date":"2020-09-24T15:12:38","date_gmt":"2020-09-24T13:12:38","guid":{"rendered":"http:\/\/www.engineon.eu\/?page_id=442"},"modified":"2021-07-10T09:10:14","modified_gmt":"2021-07-10T07:10:14","slug":"prodotti","status":"publish","type":"page","link":"https:\/\/www.engineon.eu\/index.php\/prodotti\/","title":{"rendered":"Prodotti"},"content":{"rendered":"<div data-colibri-id=\"442-c1\" class=\"style-1412 style-local-442-c1 position-relative\">\n  <!---->\n  <div data-colibri-component=\"section\" data-colibri-id=\"442-c2\" id=\"reusable-sections\" class=\"h-section h-section-global-spacing d-flex align-items-lg-center align-items-md-center align-items-center style-1413 style-local-442-c2 position-relative\">\n    <!---->\n    <!---->\n    <div class=\"h-section-grid-container h-section-boxed-container\">\n      <!---->\n      <div data-colibri-id=\"442-c3\" class=\"h-row-container gutters-row-lg-3 gutters-row-md-3 gutters-row-0 gutters-row-v-lg-3 gutters-row-v-md-3 gutters-row-v-3 style-1414 style-local-442-c3 position-relative\">\n        <!---->\n        <div class=\"h-row justify-content-lg-center justify-content-md-center justify-content-center align-items-lg-center align-items-md-center align-items-center gutters-col-lg-3 gutters-col-md-3 gutters-col-0 gutters-col-v-lg-3 gutters-col-v-md-3 gutters-col-v-3\">\n          <!---->\n          <div class=\"h-column h-column-container d-flex h-col-lg-auto h-col-md-auto h-col-auto align-self-lg-center align-self-md-center align-self-center style-1415-outer style-local-442-c4-outer\">\n            <div data-colibri-id=\"442-c4\" class=\"d-flex h-flex-basis h-column__inner h-px-lg-0 h-px-md-0 h-px-0 v-inner-lg-0 v-inner-md-0 v-inner-0 style-1415 style-local-442-c4 position-relative\">\n              <!---->\n              <!---->\n              <div class=\"w-100 h-y-container h-column__content h-column__v-align flex-basis-100 align-self-lg-start align-self-md-start align-self-start\">\n                <!---->\n                <div data-colibri-id=\"442-c5\" class=\"h-text h-text-component style-1417 style-local-442-c5 position-relative h-element\">\n                  <!---->\n                  <!---->\n                  <div class=\"\">\n                    <p>engineon ha realizzato un sistema di Business Management, pensato come strumento di governo, a supporto del management, nella gestione dei processi aziendali. Il sistema \u00e8 composto da vari moduli, mirati alla gestione di specifici\n                      processi o famiglie di dati, dove ogni modulo, singolarmente o in gruppo, ha il compito di migliorare le performance dei singoli processi, introducendo vari livelli di automazione, impiegando tecnologie come l&#8217;Intelligenza Artificiale,\n                      il Machine Learning e l&#8217;<span style=\"font-weight: 400; font-size: 16px; font-family: &quot;Open Sans&quot;; color: rgb(127, 127, 127);\">Elaborazione del Linguaggio Naturale<\/span>.<\/p>\n                    <p>engineon ha reso il sistema universale, capace di adattarsi ai singoli contesti e scenari.<\/p>\n                  <\/div>\n                <\/div>\n              <\/div>\n            <\/div>\n          <\/div>\n        <\/div>\n      <\/div>\n    <\/div>\n  <\/div>\n  <div data-colibri-component=\"section\" data-colibri-id=\"442-c6\" id=\"reusable-sections-2\" class=\"h-section h-section-global-spacing d-flex align-items-lg-center align-items-md-center align-items-center style-1418 style-local-442-c6 position-relative\">\n    <!---->\n    <!---->\n    <div class=\"h-section-grid-container h-section-boxed-container\">\n      <!---->\n      <div data-colibri-id=\"442-c7\" class=\"h-row-container gutters-row-lg-3 gutters-row-md-3 gutters-row-0 gutters-row-v-lg-3 gutters-row-v-md-3 gutters-row-v-3 style-1419 style-local-442-c7 position-relative\">\n        <!---->\n        <div class=\"h-row justify-content-lg-center justify-content-md-center justify-content-center align-items-lg-stretch align-items-md-stretch align-items-stretch gutters-col-lg-3 gutters-col-md-3 gutters-col-0 gutters-col-v-lg-3 gutters-col-v-md-3 gutters-col-v-3\">\n          <!---->\n          <div class=\"h-column h-column-container d-flex h-col-lg-auto h-col-md-auto h-col-auto style-1420-outer style-local-442-c8-outer\">\n            <div data-colibri-id=\"442-c8\" class=\"d-flex h-flex-basis h-column__inner h-px-lg-0 h-px-md-0 h-px-0 v-inner-lg-0 v-inner-md-0 v-inner-0 style-1420 style-local-442-c8 position-relative\">\n              <!---->\n              <!---->\n              <div class=\"w-100 h-y-container h-column__content h-column__v-align flex-basis-100 align-self-lg-center align-self-md-center align-self-center\">\n                <!---->\n                <div data-colibri-id=\"442-c9\" class=\"d-block style-1430 style-local-442-c9 position-relative h-element\">\n                  <!---->\n                  <div class=\"h-image__frame-container-outer\">\n                    <div class=\"h-image__frame-container\">\n                      <!---->\n                      <!---->\n                      <img loading=\"lazy\" decoding=\"async\" width=\"1091\" height=\"271\" src=\"http:\/\/www.engineon.eu\/wp-content\/uploads\/2020\/11\/logo_eoframework.png\" class=\"wp-image-1921 style-1430-image style-local-442-c9-image\" alt=\"\" srcset=\"https:\/\/www.engineon.eu\/wp-content\/uploads\/2020\/11\/logo_eoframework.png 1091w, https:\/\/www.engineon.eu\/wp-content\/uploads\/2020\/11\/logo_eoframework-300x75.png 300w, https:\/\/www.engineon.eu\/wp-content\/uploads\/2020\/11\/logo_eoframework-1024x254.png 1024w, https:\/\/www.engineon.eu\/wp-content\/uploads\/2020\/11\/logo_eoframework-768x191.png 768w\" sizes=\"auto, (max-width: 1091px) 100vw, 1091px\" \/>\n                      <div class=\"h-image__frame h-hide-lg h-hide-md h-hide-sm style-1430-frameImage style-local-442-c9-frameImage\"><\/div>\n                    <\/div>\n                  <\/div>\n                <\/div>\n              <\/div>\n            <\/div>\n          <\/div>\n          <div class=\"h-column h-column-container d-flex h-col-lg-auto h-col-md-auto h-col-auto style-1420-outer style-local-442-c10-outer\">\n            <div data-colibri-id=\"442-c10\" class=\"d-flex h-flex-basis h-column__inner h-px-lg-0 h-px-md-0 h-px-0 v-inner-lg-0 v-inner-md-0 v-inner-0 style-1420 style-local-442-c10 position-relative\">\n              <!---->\n              <!---->\n              <div class=\"w-100 h-y-container h-column__content h-column__v-align flex-basis-100 align-self-lg-center align-self-md-center align-self-center\">\n                <!---->\n                <div data-colibri-id=\"442-c11\" class=\"h-global-transition-all h-heading style-1440 style-local-442-c11 position-relative h-element\">\n                  <!---->\n                  <div class=\"h-heading__outer style-1440 style-local-442-c11\">\n                    <!---->\n                    <!---->\n                    <h5 class=\"\"><span style=\"color: rgb(47, 85, 151);\">eoframework<\/span> &#8211; Piattaforma di Integrazione e Gestione Flussi Informativi<\/h5>\n                  <\/div>\n                <\/div>\n                <div data-colibri-id=\"442-c12\" class=\"h-text h-text-component style-1423 style-local-442-c12 position-relative h-element\">\n                  <!---->\n                  <!---->\n                  <div class=\"\">\n                    <p>eoframework \u00e8 una piattaforma progettata per l\u2019interazione dei vari moduli della suite engineon e per l&#8217;integrazione con i sistemi esterni, come ad esempio ERP, CRM, Sistemi Informativi Sanitari, PBX, Social, Web, in conformit\u00e0 agli\n                      standard specifici di settore, come, ed esempio lo standard HL7 per i Sistemi Informativi Sanitari.<\/p>\n                  <\/div>\n                <\/div>\n              <\/div>\n            <\/div>\n          <\/div>\n        <\/div>\n      <\/div>\n    <\/div>\n  <\/div>\n  <div data-colibri-component=\"section\" data-colibri-id=\"442-c13\" id=\"reusable-sections-3\" class=\"h-section h-section-global-spacing d-flex align-items-lg-center align-items-md-center align-items-center style-1431 style-local-442-c13 position-relative\">\n    <!---->\n    <!---->\n    <div class=\"h-section-grid-container h-section-boxed-container\">\n      <!---->\n      <div data-colibri-id=\"442-c14\" class=\"h-row-container gutters-row-lg-3 gutters-row-md-3 gutters-row-0 gutters-row-v-lg-3 gutters-row-v-md-3 gutters-row-v-3 style-1432 style-local-442-c14 position-relative\">\n        <!---->\n        <div class=\"h-row justify-content-lg-center justify-content-md-center justify-content-center align-items-lg-stretch align-items-md-stretch align-items-stretch gutters-col-lg-3 gutters-col-md-3 gutters-col-0 gutters-col-v-lg-3 gutters-col-v-md-3 gutters-col-v-3\">\n          <!---->\n          <div class=\"h-column h-column-container d-flex h-col-lg-auto h-col-md-auto h-col-auto style-1433-outer style-local-442-c15-outer\">\n            <div data-colibri-id=\"442-c15\" class=\"d-flex h-flex-basis h-column__inner h-px-lg-0 h-px-md-0 h-px-0 v-inner-lg-0 v-inner-md-0 v-inner-0 style-1433 style-local-442-c15 position-relative\">\n              <!---->\n              <!---->\n              <div class=\"w-100 h-y-container h-column__content h-column__v-align flex-basis-100 align-self-lg-center align-self-md-center align-self-center\">\n                <!---->\n                <div data-colibri-id=\"442-c16\" class=\"d-block style-1434 style-local-442-c16 position-relative h-element\">\n                  <!---->\n                  <div class=\"h-image__frame-container-outer\">\n                    <div class=\"h-image__frame-container\">\n                      <!---->\n                      <!---->\n                      <img decoding=\"async\" src=\"https:\/\/www.engineon.eu\/wp-content\/uploads\/2021\/07\/eobrain-300x98.png\" class=\"style-1434-image style-local-442-c16-image\">\n                      <div class=\"h-image__frame h-hide-lg h-hide-md h-hide-sm style-1434-frameImage style-local-442-c16-frameImage\"><\/div>\n                    <\/div>\n                  <\/div>\n                <\/div>\n              <\/div>\n            <\/div>\n          <\/div>\n          <div class=\"h-column h-column-container d-flex h-col-lg-auto h-col-md-auto h-col-auto style-1433-outer style-local-442-c17-outer\">\n            <div data-colibri-id=\"442-c17\" class=\"d-flex h-flex-basis h-column__inner h-px-lg-0 h-px-md-0 h-px-0 v-inner-lg-0 v-inner-md-0 v-inner-0 style-1433 style-local-442-c17 position-relative\">\n              <!---->\n              <!---->\n              <div class=\"w-100 h-y-container h-column__content h-column__v-align flex-basis-100 align-self-lg-center align-self-md-center align-self-center\">\n                <!---->\n                <div data-colibri-id=\"442-c18\" class=\"h-global-transition-all h-heading style-1440 style-local-442-c18 position-relative h-element\">\n                  <!---->\n                  <div class=\"h-heading__outer style-1440 style-local-442-c18\">\n                    <!---->\n                    <!---->\n                    <h5 class=\"\"><span style=\"color: rgb(47, 85, 151);\">eobrain<\/span>&nbsp;&#8211; Artificial Intelligence and Machine Learning Process Engines<\/h5>\n                  <\/div>\n                <\/div>\n                <div data-colibri-id=\"442-c19\" class=\"h-text h-text-component style-1435 style-local-442-c19 position-relative h-element\">\n                  <!---->\n                  <!---->\n                  <div class=\"\">\n                    <p>eobrain \u00e8 l\u2019insieme dei motori di Machine Learning ed Intelligenza Artificiale ideati e sviluppati con lo scopo di supportare la gestione dei flussi informativi all\u2019interno di eoframework, valorizzando le informazioni scambiate ed\n                      ottimizzando i processi. eobrain si compone di motori addestrati secondo algoritmi proprietari di engineon, dedicati alla gestione di processi definiti, e di motori aperti, indipendenti dal contesto, dedicati allo sviluppo di soluzioni\n                      personalizzate e specifiche per ogni singolo cliente.<\/p>\n                  <\/div>\n                <\/div>\n              <\/div>\n            <\/div>\n          <\/div>\n        <\/div>\n      <\/div>\n    <\/div>\n  <\/div>\n  <div data-colibri-component=\"section\" data-colibri-id=\"442-c27\" id=\"reusable-sections-3\" class=\"h-section h-section-global-spacing d-flex align-items-lg-center align-items-md-center align-items-center style-1431 style-local-442-c27 position-relative\">\n    <!---->\n    <!---->\n    <div class=\"h-section-grid-container h-section-boxed-container\">\n      <!---->\n      <div data-colibri-id=\"442-c28\" class=\"h-row-container gutters-row-lg-3 gutters-row-md-3 gutters-row-0 gutters-row-v-lg-3 gutters-row-v-md-3 gutters-row-v-3 style-1432 style-local-442-c28 position-relative\">\n        <!---->\n        <div class=\"h-row justify-content-lg-center justify-content-md-center justify-content-center align-items-lg-stretch align-items-md-stretch align-items-stretch gutters-col-lg-3 gutters-col-md-3 gutters-col-0 gutters-col-v-lg-3 gutters-col-v-md-3 gutters-col-v-3\">\n          <!---->\n          <div class=\"h-column h-column-container d-flex h-col-lg-auto h-col-md-auto h-col-auto style-1433-outer style-local-442-c29-outer\">\n            <div data-colibri-id=\"442-c29\" class=\"d-flex h-flex-basis h-column__inner h-px-lg-0 h-px-md-0 h-px-0 v-inner-lg-0 v-inner-md-0 v-inner-0 style-1433 style-local-442-c29 position-relative\">\n              <!---->\n              <!---->\n              <div class=\"w-100 h-y-container h-column__content h-column__v-align flex-basis-100 align-self-lg-center align-self-md-center align-self-center\">\n                <!---->\n                <div data-colibri-id=\"442-c30\" class=\"d-block style-1434 style-local-442-c30 position-relative h-element\">\n                  <!---->\n                  <div class=\"h-image__frame-container-outer\">\n                    <div class=\"h-image__frame-container\">\n                      <!---->\n                      <!---->\n                      <img decoding=\"async\" src=\"http:\/\/www.engineon.eu\/wp-content\/uploads\/2020\/11\/logo_eobot_v1-300x99.png\" class=\"style-1434-image style-local-442-c30-image\">\n                      <div class=\"h-image__frame h-hide-lg h-hide-md h-hide-sm style-1434-frameImage style-local-442-c30-frameImage\"><\/div>\n                    <\/div>\n                  <\/div>\n                <\/div>\n              <\/div>\n            <\/div>\n          <\/div>\n          <div class=\"h-column h-column-container d-flex h-col-lg-auto h-col-md-auto h-col-auto style-1433-outer style-local-442-c31-outer\">\n            <div data-colibri-id=\"442-c31\" class=\"d-flex h-flex-basis h-column__inner h-px-lg-0 h-px-md-0 h-px-0 v-inner-lg-0 v-inner-md-0 v-inner-0 style-1433 style-local-442-c31 position-relative\">\n              <!---->\n              <!---->\n              <div class=\"w-100 h-y-container h-column__content h-column__v-align flex-basis-100 align-self-lg-center align-self-md-center align-self-center\">\n                <!---->\n                <div data-colibri-id=\"442-c32\" class=\"h-global-transition-all h-heading style-1440 style-local-442-c32 position-relative h-element\">\n                  <!---->\n                  <div class=\"h-heading__outer style-1440 style-local-442-c32\">\n                    <!---->\n                    <!---->\n                    <h5 class=\"\"><span style=\"color: rgb(47, 85, 151);\">eobot<\/span>&nbsp;&#8211; Dialog Automation<\/h5>\n                  <\/div>\n                <\/div>\n                <div data-colibri-id=\"442-c33\" class=\"h-text h-text-component style-1435 style-local-442-c33 position-relative h-element\">\n                  <!---->\n                  <!---->\n                  <div class=\"\">\n                    <p>eobot \u00e8 un sistema di interazione Uomo \u2013 Macchina che, tramite l\u2019impiego delle tecnologie di AI (intelligenza Artificiale) ed NLU (Elaborazione del Linguaggio Naturale) \u00e8 in grado di gestire, simulando la reale presenza di un operatore,\n                      tutti i processi che necessitano di scambio ed acquisizione di informazioni. eobot \u00e8 un Sistema Multicanale, ovvero mediante l&#8217;impiego di molteplici piattaforme,&nbsp;permette l\u2019acquisizione e lo scambio delle informazioni, come\n                      ad esempio la voce tramite PBX \/ IVR, chatbot e social. eobot integra piattaforme di classe Enterprise, multi-lingua, multi-tenant e dispone di interfacce grafiche per l\u2019addestramento della semantica ed il disegno dei flussi di interazione.<\/p>\n                  <\/div>\n                <\/div>\n              <\/div>\n            <\/div>\n          <\/div>\n        <\/div>\n      <\/div>\n    <\/div>\n  <\/div>\n  <div data-colibri-component=\"section\" data-colibri-id=\"442-c20\" id=\"reusable-sections-3\" class=\"h-section h-section-global-spacing d-flex align-items-lg-center align-items-md-center align-items-center style-1431 style-local-442-c20 position-relative\">\n    <!---->\n    <!---->\n    <div class=\"h-section-grid-container h-section-boxed-container\">\n      <!---->\n      <div data-colibri-id=\"442-c21\" class=\"h-row-container gutters-row-lg-3 gutters-row-md-3 gutters-row-0 gutters-row-v-lg-3 gutters-row-v-md-3 gutters-row-v-3 style-1432 style-local-442-c21 position-relative\">\n        <!---->\n        <div class=\"h-row justify-content-lg-center justify-content-md-center justify-content-center align-items-lg-stretch align-items-md-stretch align-items-stretch gutters-col-lg-3 gutters-col-md-3 gutters-col-0 gutters-col-v-lg-3 gutters-col-v-md-3 gutters-col-v-3\">\n          <!---->\n          <div class=\"h-column h-column-container d-flex h-col-lg-auto h-col-md-auto h-col-auto style-1433-outer style-local-442-c22-outer\">\n            <div data-colibri-id=\"442-c22\" class=\"d-flex h-flex-basis h-column__inner h-px-lg-0 h-px-md-0 h-px-0 v-inner-lg-0 v-inner-md-0 v-inner-0 style-1433 style-local-442-c22 position-relative\">\n              <!---->\n              <!---->\n              <div class=\"w-100 h-y-container h-column__content h-column__v-align flex-basis-100 align-self-lg-center align-self-md-center align-self-center\">\n                <!---->\n                <div data-colibri-id=\"442-c23\" class=\"d-block style-1434 style-local-442-c23 position-relative h-element\">\n                  <!---->\n                  <div class=\"h-image__frame-container-outer\">\n                    <div class=\"h-image__frame-container\">\n                      <!---->\n                      <!---->\n                      <img loading=\"lazy\" decoding=\"async\" width=\"716\" height=\"258\" src=\"https:\/\/www.engineon.eu\/wp-content\/uploads\/2021\/05\/eoscribe.png\" class=\"wp-image-2390 style-1434-image style-local-442-c23-image\" alt=\"\" srcset=\"https:\/\/www.engineon.eu\/wp-content\/uploads\/2021\/05\/eoscribe.png 716w, https:\/\/www.engineon.eu\/wp-content\/uploads\/2021\/05\/eoscribe-300x108.png 300w\" sizes=\"auto, (max-width: 716px) 100vw, 716px\" \/>\n                      <div class=\"h-image__frame h-hide-lg h-hide-md h-hide-sm style-1434-frameImage style-local-442-c23-frameImage\"><\/div>\n                    <\/div>\n                  <\/div>\n                <\/div>\n              <\/div>\n            <\/div>\n          <\/div>\n          <div class=\"h-column h-column-container d-flex h-col-lg-auto h-col-md-auto h-col-auto style-1433-outer style-local-442-c24-outer\">\n            <div data-colibri-id=\"442-c24\" class=\"d-flex h-flex-basis h-column__inner h-px-lg-0 h-px-md-0 h-px-0 v-inner-lg-0 v-inner-md-0 v-inner-0 style-1433 style-local-442-c24 position-relative\">\n              <!---->\n              <!---->\n              <div class=\"w-100 h-y-container h-column__content h-column__v-align flex-basis-100 align-self-lg-center align-self-md-center align-self-center\">\n                <!---->\n                <div data-colibri-id=\"442-c25\" class=\"h-global-transition-all h-heading style-1440 style-local-442-c25 position-relative h-element\">\n                  <!---->\n                  <div class=\"h-heading__outer style-1440 style-local-442-c25\">\n                    <!---->\n                    <!---->\n                    <h5 class=\"\"><span style=\"color: rgb(47, 85, 151);\">eoscribe<\/span>&nbsp;&#8211; Versatile Speech to Text System<\/h5>\n                  <\/div>\n                <\/div>\n                <div data-colibri-id=\"442-c26\" class=\"h-text h-text-component style-1435 style-local-442-c26 position-relative h-element\">\n                  <!---->\n                  <!---->\n                  <div class=\"\">\n                    <p>eoscribe \u00e8 il sistema di gestione dei servizi di trascrizione, progettato e sviluppato per rendere pi\u00f9 efficiente la conversione delle registrazioni audio o multimediali in file di testo. Il sistema \u00e8 strutturato per essere utilizzato\n                      all\u2019interno della propria rete locale o attraverso Internet per consentire la delocalizzazione del servizio. eoscribe pu\u00f2 fornire il testo nei principali formati definiti per la sottotitolazione (SRT, VTT) in modo da poter realizzare\n                      filmati con i sottotitoli sincronizzati con l\u2019audio.<\/p>\n                  <\/div>\n                <\/div>\n              <\/div>\n            <\/div>\n          <\/div>\n        <\/div>\n      <\/div>\n    <\/div>\n  <\/div>\n<\/div>","protected":false},"excerpt":{"rendered":"<p>engineon ha realizzato un sistema di Business Management, pensato come strumento di governo, a supporto del management, nella gestione dei processi aziendali. Il sistema \u00e8 composto da vari moduli, mirati alla gestione di specifici processi o famiglie di dati, dove ogni modulo, singolarmente o in gruppo, ha il compito di migliorare le performance dei singoli [&hellip;]<\/p>\n","protected":false},"author":1,"featured_media":0,"parent":0,"menu_order":0,"comment_status":"closed","ping_status":"closed","template":"page-templates\/full-width-page.php","meta":{"footnotes":""},"class_list":["post-442","page","type-page","status-publish","hentry"],"_links":{"self":[{"href":"https:\/\/www.engineon.eu\/index.php\/wp-json\/wp\/v2\/pages\/442","targetHints":{"allow":["GET"]}}],"collection":[{"href":"https:\/\/www.engineon.eu\/index.php\/wp-json\/wp\/v2\/pages"}],"about":[{"href":"https:\/\/www.engineon.eu\/index.php\/wp-json\/wp\/v2\/types\/page"}],"author":[{"embeddable":true,"href":"https:\/\/www.engineon.eu\/index.php\/wp-json\/wp\/v2\/users\/1"}],"replies":[{"embeddable":true,"href":"https:\/\/www.engineon.eu\/index.php\/wp-json\/wp\/v2\/comments?post=442"}],"version-history":[{"count":20,"href":"https:\/\/www.engineon.eu\/index.php\/wp-json\/wp\/v2\/pages\/442\/revisions"}],"predecessor-version":[{"id":2458,"href":"https:\/\/www.engineon.eu\/index.php\/wp-json\/wp\/v2\/pages\/442\/revisions\/2458"}],"wp:attachment":[{"href":"https:\/\/www.engineon.eu\/index.php\/wp-json\/wp\/v2\/media?parent=442"}],"curies":[{"name":"wp","href":"https:\/\/api.w.org\/{rel}","templated":true}]}}