{"id":435,"date":"2020-09-24T15:05:42","date_gmt":"2020-09-24T13:05:42","guid":{"rendered":"http:\/\/www.engineon.eu\/?page_id=435"},"modified":"2021-04-20T09:52:43","modified_gmt":"2021-04-20T07:52:43","slug":"lavora-con-noi","status":"publish","type":"page","link":"https:\/\/www.engineon.eu\/index.php\/lavora-con-noi\/","title":{"rendered":"Lavora con Noi"},"content":{"rendered":"<div data-colibri-id=\"435-c1\" class=\"style-1321 style-local-435-c1 position-relative\">\n  <!---->\n  <div data-colibri-component=\"section\" data-colibri-id=\"435-c2\" id=\"custom\" class=\"h-section h-section-global-spacing d-flex align-items-lg-center align-items-md-center align-items-center style-1322 style-local-435-c2 position-relative\">\n    <!---->\n    <!---->\n    <div class=\"h-section-grid-container h-section-boxed-container\">\n      <!---->\n      <div data-colibri-id=\"435-c3\" class=\"h-row-container gutters-row-lg-2 gutters-row-md-2 gutters-row-0 gutters-row-v-lg-2 gutters-row-v-md-2 gutters-row-v-2 style-1323 style-local-435-c3 position-relative\">\n        <!---->\n        <div class=\"h-row justify-content-lg-center justify-content-md-center justify-content-center align-items-lg-stretch align-items-md-stretch align-items-stretch gutters-col-lg-2 gutters-col-md-2 gutters-col-0 gutters-col-v-lg-2 gutters-col-v-md-2 gutters-col-v-2\">\n          <!---->\n          <div class=\"h-column h-column-container d-flex h-col-lg-auto h-col-md-auto h-col-auto style-1324-outer style-local-435-c4-outer\">\n            <div data-colibri-id=\"435-c4\" class=\"d-flex h-flex-basis h-column__inner h-px-lg-2 h-px-md-2 h-px-2 v-inner-lg-2 v-inner-md-2 v-inner-2 style-1324 style-local-435-c4 position-relative\">\n              <!---->\n              <!---->\n              <div class=\"w-100 h-y-container h-column__content h-column__v-align flex-basis-100 align-self-lg-start align-self-md-start align-self-start\">\n                <!---->\n                <div data-colibri-id=\"435-c5\" class=\"d-block style-1326 style-local-435-c5 position-relative h-element\">\n                  <!---->\n                  <div class=\"h-image__frame-container-outer\">\n                    <div class=\"h-image__frame-container\">\n                      <!---->\n                      <!---->\n                      <img loading=\"lazy\" decoding=\"async\" width=\"1500\" height=\"380\" src=\"http:\/\/www.engineon.eu\/wp-content\/uploads\/2020\/05\/Logo_nome-1.png\" class=\"wp-image-365 style-1326-image style-local-435-c5-image\" alt=\"\" srcset=\"https:\/\/www.engineon.eu\/wp-content\/uploads\/2020\/05\/Logo_nome-1.png 1500w, https:\/\/www.engineon.eu\/wp-content\/uploads\/2020\/05\/Logo_nome-1-300x76.png 300w, https:\/\/www.engineon.eu\/wp-content\/uploads\/2020\/05\/Logo_nome-1-1024x259.png 1024w, https:\/\/www.engineon.eu\/wp-content\/uploads\/2020\/05\/Logo_nome-1-768x195.png 768w\" sizes=\"auto, (max-width: 1500px) 100vw, 1500px\" \/>\n                      <div class=\"h-image__frame h-hide-lg h-hide-md h-hide-sm style-1326-frameImage style-local-435-c5-frameImage\"><\/div>\n                    <\/div>\n                  <\/div>\n                <\/div>\n                <div data-colibri-id=\"435-c6\" class=\"h-text h-text-component style-1329 style-local-435-c6 position-relative h-element\">\n                  <!---->\n                  <!---->\n                  <div class=\"\">\n                    <p>Il Valore pi\u00f9 Grande di una Azienda sono le Persone e Valorizzare le Persone \u00e8 l&#8217;Investimento Migliore che una Azienda possa Fare<\/p>\n                  <\/div>\n                <\/div>\n              <\/div>\n            <\/div>\n          <\/div>\n        <\/div>\n      <\/div>\n    <\/div>\n  <\/div>\n  <div data-colibri-component=\"section\" data-colibri-id=\"435-c7\" id=\"custom-2\" class=\"h-section h-section-global-spacing d-flex align-items-lg-center align-items-md-center align-items-center style-1361 style-local-435-c7 position-relative\">\n    <!---->\n    <!---->\n    <div class=\"h-section-grid-container h-section-boxed-container\">\n      <!---->\n      <div data-colibri-id=\"435-c8\" class=\"h-row-container gutters-row-lg-0 gutters-row-md-0 gutters-row-0 gutters-row-v-lg-0 gutters-row-v-md-0 gutters-row-v-0 style-1362 style-local-435-c8 position-relative\">\n        <!---->\n        <div class=\"h-row justify-content-lg-center justify-content-md-center justify-content-center align-items-lg-stretch align-items-md-stretch align-items-stretch gutters-col-lg-0 gutters-col-md-0 gutters-col-0 gutters-col-v-lg-0 gutters-col-v-md-0 gutters-col-v-0\">\n          <!---->\n          <div class=\"h-column h-column-container d-flex h-col-lg-auto h-col-md-auto h-col-auto style-1363-outer style-local-435-c9-outer\">\n            <div data-colibri-id=\"435-c9\" class=\"d-flex h-flex-basis h-column__inner h-px-lg-0 h-px-md-0 h-px-0 v-inner-lg-0 v-inner-md-0 v-inner-0 style-1363 style-local-435-c9 position-relative\">\n              <!---->\n              <!---->\n              <div class=\"w-100 h-y-container h-column__content h-column__v-align flex-basis-100 align-self-lg-start align-self-md-start align-self-start\">\n                <!---->\n                <div data-colibri-id=\"435-c10\" class=\"h-icon style-1366 style-local-435-c10 position-relative h-element\">\n                  <!----><span class=\"h-svg-icon h-icon__icon style-1366-icon style-local-435-c10-icon\"><!--Icon by Socicon (http:\/\/www.socicon.com)--><svg version=\"1.1\" xmlns=\"http:\/\/www.w3.org\/2000\/svg\" viewBox=\"0 0 1500 1500\">\n\n<path d=\"M1447.266 0h-1394.531c-8.789 0-14.648 8.789-14.648 14.648v1019.531c0 8.789 5.859 14.648 14.648 14.648h811.523l583.008 451.172c8.789 0 14.648-8.789 14.648-14.648v-1470.703c0-5.859-5.859-14.648-14.648-14.648zM583.008 231.445c73.242 0 131.836 58.594 131.836 131.836 0 76.172-58.594 131.836-131.836 131.836s-131.836-55.664-131.836-131.836c0-73.242 61.523-131.836 131.836-131.836zM867.188 814.453h-571.289v-73.242c0-125.977 125.977-166.992 287.109-166.992 8.789 0 17.578 0 23.438 0 2.93 0 5.859 0 8.789 0 5.859 0 11.719 0 17.578 2.93 2.93 0 5.859 0 8.789 0 5.859 0 14.648 0 20.508 0 2.93 0 5.859 2.93 8.789 2.93 5.859 0 8.789 0 14.648 0s8.789 2.93 11.719 2.93c2.93 0 5.859 0 8.789 0 14.648 2.93 29.297 8.789 43.945 11.719 2.93 0 2.93 2.93 5.859 2.93 20.508 5.859 38.086 14.648 52.734 26.367 11.719 8.789 23.438 17.578 32.227 29.297 17.578 23.438 26.367 52.734 26.367 84.961v76.172zM987.305 377.93c55.664 0 99.609 43.945 99.609 96.68 0 55.664-43.945 99.609-99.609 99.609-52.734 0-96.68-43.945-96.68-99.609 0-52.734 41.016-96.68 96.68-96.68zM1204.102 814.453h-275.391v-73.242c0-38.086-8.789-73.242-26.367-102.539 26.367-5.859 55.664-5.859 84.961-5.859 117.188 0 216.797 29.297 216.797 125.977z\"><\/path>\n<\/svg>\n<\/span><\/div>\n                <div data-colibri-id=\"435-c11\" class=\"h-global-transition-all h-heading style-1367 style-local-435-c11 position-relative h-element\">\n                  <!---->\n                  <div class=\"h-heading__outer style-1367 style-local-435-c11\">\n                    <!---->\n                    <!---->\n                    <h4 class=\"\">TALENT PROGRAM<\/h4>\n                  <\/div>\n                <\/div>\n                <div data-colibri-id=\"435-c12\" class=\"h-text h-text-component style-1368 style-local-435-c12 position-relative h-element\">\n                  <!---->\n                  <!---->\n                  <div class=\"\">\n                    <p>Crediamo nel Futuro, e non c&#8217;\u00e8 Futuro, se non si Condividono la Strada da Percorrere ed i Traguardi con i Giovani Talenti<\/p>\n                  <\/div>\n                <\/div>\n              <\/div>\n            <\/div>\n          <\/div>\n          <div class=\"h-column h-column-container d-flex h-col-lg-auto h-col-md-auto h-col-auto style-1373-outer style-local-435-c13-outer\">\n            <div data-colibri-id=\"435-c13\" class=\"d-flex h-flex-basis h-column__inner h-ui-empty-state-container h-px-lg-2 h-px-md-2 h-px-2 v-inner-lg-2 v-inner-md-2 v-inner-2 style-1373 style-local-435-c13 position-relative\">\n              <!---->\n              <!---->\n              <div class=\"w-100 h-y-container h-column__content h-column__v-align flex-basis-100\">\n                <!---->\n              <\/div>\n            <\/div>\n          <\/div>\n          <div class=\"h-column h-column-container d-flex h-col-lg-auto h-col-md-auto h-col-auto style-1363-outer style-local-435-c14-outer\">\n            <div data-colibri-id=\"435-c14\" class=\"d-flex h-flex-basis h-column__inner h-px-lg-0 h-px-md-0 h-px-0 v-inner-lg-0 v-inner-md-0 v-inner-0 style-1363 style-local-435-c14 position-relative\">\n              <!---->\n              <!---->\n              <div class=\"w-100 h-y-container h-column__content h-column__v-align flex-basis-100 align-self-lg-start align-self-md-start align-self-start\">\n                <!---->\n                <div data-colibri-id=\"435-c15\" class=\"h-icon style-1366 style-local-435-c15 position-relative h-element\">\n                  <!----><span class=\"h-svg-icon h-icon__icon style-1366-icon style-local-435-c15-icon\"><!--Icon by Simple Line Icons (https:\/\/github.com\/thesabbir\/simple-line-icons)--><svg version=\"1.1\" xmlns=\"http:\/\/www.w3.org\/2000\/svg\" xmlns:xlink=\"http:\/\/www.w3.org\/1999\/xlink\" id=\"compass\" viewBox=\"0 0 512 514.032\"><path d=\"M366.592 141.152l-156.576 67.32c-2.832 1.44-5.128 3.736-6.576 6.576l-71.728 144.608c-2.936 5.768-1.872 12.768 2.656 17.392 2.904 2.952 6.816 4.512 10.768 4.512 2.216 0 4.472-.488 6.56-1.504l152.864-63.488c2.8-1.344 5.112-3.528 6.608-6.248l75.44-148.448c3.216-5.8 2.264-13.016-2.328-17.784-4.608-4.768-11.792-5.936-17.688-2.936zM178.928 333.424l43.504-88.84 43.936 54.992-87.44 33.848zm113.424-52.6l-44.4-55.576 88.392-34.88-43.992 90.456zM256 1.016c-141.384 0-256 114.616-256 256 0 141.392 114.616 256 256 256 141.392 0 256-114.608 256-256 0-141.384-114.608-256-256-256zm0 480.504c-123.512 0-224-100.992-224-224.504s100.488-224 224-224 224 100.488 224 224S379.512 481.52 256 481.52z\"><\/path><\/svg><\/span><\/div>\n                <div\n                  data-colibri-id=\"435-c16\" class=\"h-global-transition-all h-heading style-1367 style-local-435-c16 position-relative h-element\">\n                  <!---->\n                  <div class=\"h-heading__outer style-1367 style-local-435-c16\">\n                    <!---->\n                    <!---->\n                    <h4 class=\"\">VALUE TOGETHER<\/h4>\n                  <\/div>\n              <\/div>\n              <div data-colibri-id=\"435-c17\" class=\"h-text h-text-component style-1368 style-local-435-c17 position-relative h-element\">\n                <!---->\n                <!---->\n                <div class=\"\">\n                  <p>Crediamo nelle Competenze, nelle Esperienze, nei Percorsi di crescita. Crediamo nella Condivisione del Business<\/p>\n                <\/div>\n              <\/div>\n            <\/div>\n          <\/div>\n        <\/div>\n      <\/div>\n    <\/div>\n  <\/div>\n<\/div>\n<div data-colibri-component=\"section\" data-colibri-id=\"435-c18\" id=\"custom-3\" class=\"h-section h-section-global-spacing d-flex align-items-lg-center align-items-md-center align-items-center style-1369 style-local-435-c18 position-relative\">\n  <!---->\n  <!---->\n  <div class=\"h-section-grid-container h-section-boxed-container\">\n    <!---->\n    <div data-colibri-id=\"435-c19\" class=\"h-row-container gutters-row-lg-2 gutters-row-md-2 gutters-row-0 gutters-row-v-lg-2 gutters-row-v-md-2 gutters-row-v-2 style-1370 style-local-435-c19 position-relative\">\n      <!---->\n      <div class=\"h-row justify-content-lg-center justify-content-md-center justify-content-center align-items-lg-stretch align-items-md-stretch align-items-stretch gutters-col-lg-2 gutters-col-md-2 gutters-col-0 gutters-col-v-lg-2 gutters-col-v-md-2 gutters-col-v-2\">\n        <!---->\n        <div class=\"h-column h-column-container d-flex h-col-lg-auto h-col-md-auto h-col-auto style-1371-outer style-local-435-c20-outer\">\n          <div data-colibri-id=\"435-c20\" class=\"d-flex h-flex-basis h-column__inner h-px-lg-2 h-px-md-2 h-px-2 v-inner-lg-2 v-inner-md-2 v-inner-2 style-1371 style-local-435-c20 position-relative\">\n            <!---->\n            <!---->\n            <div class=\"w-100 h-y-container h-column__content h-column__v-align flex-basis-100 align-self-lg-start align-self-md-start align-self-start\">\n              <!---->\n              <div data-colibri-id=\"435-c21\" class=\"h-text h-text-component style-1372 style-local-435-c21 position-relative h-element\">\n                <!---->\n                <!---->\n                <div class=\"\">\n                  <p>Per inviare la propria candidatura, inviaci il tuo CV completo di breve lettera di presentazione, ed autorizzazione al trattamento dei dati personali ai sensi&nbsp;del Decreto Legislativo 30 giugno 2003, n. 196 &#8220;Codice in materia di\n                    protezione dei dati personali\u201d e dell\u2019art. 13 GDPR 679\/16 \u2013 \u201cRegolamento europeo sulla protezione dei dati personali\u201d, all&#8217;indirizzo email<\/p>\n                  <p><span style=\"color: rgb(47, 85, 151);\">risorseumane@engineon.eu<\/span><\/p>\n                <\/div>\n              <\/div>\n            <\/div>\n          <\/div>\n        <\/div>\n      <\/div>\n    <\/div>\n  <\/div>\n<\/div>\n<\/div>","protected":false},"excerpt":{"rendered":"<p>Il Valore pi\u00f9 Grande di una Azienda sono le Persone e Valorizzare le Persone \u00e8 l&#8217;Investimento Migliore che una Azienda possa Fare TALENT PROGRAM Crediamo nel Futuro, e non c&#8217;\u00e8 Futuro, se non si Condividono la Strada da Percorrere ed i Traguardi con i Giovani Talenti VALUE TOGETHER Crediamo nelle Competenze, nelle Esperienze, nei Percorsi [&hellip;]<\/p>\n","protected":false},"author":1,"featured_media":0,"parent":0,"menu_order":0,"comment_status":"closed","ping_status":"closed","template":"page-templates\/full-width-page.php","meta":{"footnotes":""},"class_list":["post-435","page","type-page","status-publish","hentry"],"_links":{"self":[{"href":"https:\/\/www.engineon.eu\/index.php\/wp-json\/wp\/v2\/pages\/435","targetHints":{"allow":["GET"]}}],"collection":[{"href":"https:\/\/www.engineon.eu\/index.php\/wp-json\/wp\/v2\/pages"}],"about":[{"href":"https:\/\/www.engineon.eu\/index.php\/wp-json\/wp\/v2\/types\/page"}],"author":[{"embeddable":true,"href":"https:\/\/www.engineon.eu\/index.php\/wp-json\/wp\/v2\/users\/1"}],"replies":[{"embeddable":true,"href":"https:\/\/www.engineon.eu\/index.php\/wp-json\/wp\/v2\/comments?post=435"}],"version-history":[{"count":13,"href":"https:\/\/www.engineon.eu\/index.php\/wp-json\/wp\/v2\/pages\/435\/revisions"}],"predecessor-version":[{"id":2353,"href":"https:\/\/www.engineon.eu\/index.php\/wp-json\/wp\/v2\/pages\/435\/revisions\/2353"}],"wp:attachment":[{"href":"https:\/\/www.engineon.eu\/index.php\/wp-json\/wp\/v2\/media?parent=435"}],"curies":[{"name":"wp","href":"https:\/\/api.w.org\/{rel}","templated":true}]}}