{"id":2111,"date":"2020-12-01T12:27:49","date_gmt":"2020-12-01T11:27:49","guid":{"rendered":"https:\/\/www.engineon.eu\/index.php\/privacy\/"},"modified":"2022-11-02T18:42:05","modified_gmt":"2022-11-02T17:42:05","slug":"privacy","status":"publish","type":"page","link":"https:\/\/www.engineon.eu\/index.php\/privacy\/","title":{"rendered":"privacy"},"content":{"rendered":"<div data-colibri-id=\"2111-c1\" class=\"style-1465 style-local-2111-c1 position-relative\">\n  <!---->\n  <div data-colibri-component=\"section\" data-colibri-id=\"2111-c2\" id=\"custom\" class=\"h-section h-section-global-spacing d-flex align-items-lg-center align-items-md-center align-items-center style-1466 style-local-2111-c2 position-relative\">\n    <!---->\n    <!---->\n    <div class=\"h-section-grid-container h-section-boxed-container\">\n      <!---->\n      <div data-colibri-id=\"2111-c3\" class=\"h-row-container gutters-row-lg-2 gutters-row-md-2 gutters-row-0 gutters-row-v-lg-2 gutters-row-v-md-2 gutters-row-v-2 style-1467 style-local-2111-c3 position-relative\">\n        <!---->\n        <div class=\"h-row justify-content-lg-center justify-content-md-center justify-content-center align-items-lg-stretch align-items-md-stretch align-items-stretch gutters-col-lg-2 gutters-col-md-2 gutters-col-0 gutters-col-v-lg-2 gutters-col-v-md-2 gutters-col-v-2\">\n          <!---->\n          <div class=\"h-column h-column-container d-flex h-col-lg-auto h-col-md-auto h-col-auto style-1468-outer style-local-2111-c4-outer\">\n            <div data-colibri-id=\"2111-c4\" class=\"d-flex h-flex-basis h-column__inner h-px-lg-2 h-px-md-2 h-px-2 v-inner-lg-2 v-inner-md-2 v-inner-2 style-1468 style-local-2111-c4 position-relative\">\n              <!---->\n              <!---->\n              <div class=\"w-100 h-y-container h-column__content h-column__v-align flex-basis-100 align-self-lg-start align-self-md-start align-self-start\">\n                <!---->\n                <div data-colibri-id=\"2111-c5\" class=\"h-text h-text-component style-1469 style-local-2111-c5 position-relative h-element\">\n                  <!---->\n                  <!---->\n                  <div class=\"\">\n                    <h5>PRIVACY POLICY<\/h5>\n                    <p>Informativa privacy ex art. 13 \u2013 art. 14 Regolamento UE 2016\/679<\/p>\n                    <p><strong>1 Chi siamo e qual \u00e8 lo scopo di questo documento<\/strong><\/p>\n                    <p>Engineon S.r.l., azienda che opera nella consulenza aziendale e sviluppa soluzioni tecnologiche in ambito ICT, considera di fondamentale importanza la tutela dei dati personali dei propri clienti, di quelli potenziali e di tutti coloro\n                      che vogliono relazionarsi con essa, garantendo che avvenga nel pieno rispetto delle normative all\u2019uopo predisposte, come da ultimo il Regolamento (UE) 2016\/679.<\/p>\n                    <p>Con il termine dati personali si fa riferimento alla definizione contenuta all\u2019articolo 4 \u2013 punto 1) del Regolamento che li identifica in \u201cqualsiasi informazione riguardante una persona fisica identificata o identificabile; si considera\n                      identificabile la persona fisica che pu\u00f2 essere identificata, direttamente o indirettamente, con particolare riferimento a un identificativo come il nome, un numero di identificazione, dati relativi all\u2019ubicazione, un identificativo\n                      online o a uno o pi\u00f9 elementi caratteristici della sua identit\u00e0 fisica, fisiologica, genetica, psichica, economica, culturale o sociale\u201d (di seguito i \u201cDati Personali\u201d).<\/p>\n                    <p>Il Regolamento prevede che prima di procedere al trattamento dei Dati Personali (ovvero \u201cqualsiasi operazione o insieme di operazioni, compiute con o senza l\u2019ausilio di processi automatizzati e applicate a dati personali o insiemi\n                      di dati personali, come la raccolta, la registrazione, l\u2019organizzazione, la strutturazione, la conservazione, l\u2019adattamento o la modifica, l\u2019estrazione, la consultazione, l\u2019uso, la comunicazione mediante trasmissione, diffusione\n                      o qualsiasi altra forma di messa a disposizione, il raffronto o l\u2019interconnessione, la limitazione, la cancellazione o la distruzione\u201d di seguito il \u201cTrattamento\u201d) \u00e8 necessario che la persona a cui i Dati Personali si riferiscono\n                      sia debitamente informata circa i motivi per i quali tali dati sono richiesti ed in che modo vengono utilizzati.<\/p>\n                    <p>Pertanto, con la presente informativa, resa ai sensi e per gli effetti dell\u2019art. 13 del Regolamento UE 2016\/679 (di seguito \u201cRegolamento\u201d), relativo alla protezione delle persone fisiche con riguardo al trattamento dei dati personali,\n                      nonch\u00e9 alla libera circolazione di tali dati, intendiamo fornire le dovute informazioni in ordine alle finalit\u00e0 e modalit\u00e0 del trattamento dei tuoi dati personali.<\/p>\n                    <p>Se necessario, la presente informativa potr\u00e0 essere integrata da un modulo per il rilascio del consenso ai sensi e per gli effetti dell\u2019art. 7 del Regolamento, predisposto in base all\u2019utilizzo che verr\u00e0 eventualmente fatto dei Dati\n                      Personali.<\/p>\n                    <p><strong>2 Chi tratter\u00e0 i Dati personali<\/strong><\/p>\n                    <p>La societ\u00e0 che tratter\u00e0 i tuoi Dati Personali per la finalit\u00e0 principale di cui al successivo articolo 3 della presente Informativa e che, quindi, rivestir\u00e0 il ruolo di titolare del trattamento secondo la relativa definizione contenuta\n                      nell\u2019articolo 4 al punto 7) del Regolamento, \u201cla persona fisica o giuridica, l\u2019autorit\u00e0 pubblica, il servizio o altro organismo che, singolarmente o insieme ad altri, determina le finalit\u00e0 e i mezzi del trattamento di dati personali\u201d\n                      \u00e8: Engineon S.r.l. con sede legale in Roma (RM), Via Ostiense, 339, iscritta al Registro elle Imprese di Roma, Codice Fiscale n. 15914731003 e Partita IVA n. 15914731003 (di seguito il \u201cTitolare del Trattamento\u201d).<\/p>\n                    <p><strong>3 La finalit\u00e0 principale di utilizzo dei dati personali<\/strong><\/p>\n                    <p>Il Titolare del Trattamento, al fine di consentire l\u2019esecuzione di uno o pi\u00f9 contratti o per consentire la fruizione di uno specifico servizio (es. download di materiale informativo, partecipazione ad eventi e webinar etc.), ha necessit\u00e0\n                      di raccogliere e trattare i tuoi Dati Personali. In particolare, i Dati Personali saranno trattati ai fini della corretta gestione del rapporto contrattuale\/ erogazione del servizio e, laddove previsto, delle relative obbligazioni\n                      (gestione amministrativa, adempimento degli obblighi di legge, contabili, fiscali e di ogni altra natura comunque connessi alle finalit\u00e0 di cui sopra).<\/p>\n                    <p><strong>4 Ulteriori finalit\u00e0<\/strong><\/p>\n                    <p>Il Titolare del Trattamento, previo espresso consenso, potr\u00e0 chiedere dati ulteriori per le seguenti finalit\u00e0:<\/p>\n                    <p>a) finalit\u00e0 di marketing diretto: ovvero la volont\u00e0 del Titolare del Trattamento di svolgere nei tuoi confronti attivit\u00e0 promozionali e di marketing attraverso comunicazioni relative a servizi e prodotti similari a quelli di cui hai\n                      gi\u00e0 fruito, iniziative ed offerte relative. Si precisa che ogni e-mail inviata permetter\u00e0, cliccando sull\u2019apposito link, di rifiutare ulteriori invii;<\/p>\n                    <p>b) finalit\u00e0 di marketing indiretto: ovvero la volont\u00e0 del Titolare del Trattamento di svolgere nei tuoi confronti attivit\u00e0 promozionali e di marketing per conto terzi attraverso comunicazioni relative a servizi e prodotti erogati da\n                      altri soggetti e con i quali il Titolare del Trattamento intrattiene rapporti giuridici;<\/p>\n                    <p>c) finalit\u00e0 di profilazione: ovvero la volont\u00e0 del Titolare del Trattamento di profilarti attraverso la valutazione delle tue preferenze, esigenze ed abitudini di consumo, anche in rapporto ad indagini di mercato ed analisi di tipo\n                      statistico. Questo consente di comprendere al meglio le necessit\u00e0 dei propri interlocutori, fornire offerte e servizi personalizzati, performanti e, non meno importante, offrire prodotti e servizi sempre pi\u00f9 rilevanti e competitivi.<\/p>\n                    <p>Relativamente a queste finalit\u00e0 si specifica che le azioni di marketing potranno essere gestite sia attraverso modalit\u00e0 cd. tradizionali (es. posta cartacea, telefonate con operatore etc.) che con modalit\u00e0 automatizzate e\/o ad esse\n                      assimilate (es. e-mail).<\/p>\n                    <p>Il Trattamento dei Dati Personali per le finalit\u00e0 indicate ai punti b) e c) sar\u00e0 condizionato all\u2019ottenimento del tuo consenso ai sensi dell\u2019art. 7 del Regolamento.<\/p>\n                    <p>Il Trattamento dei tuoi Dati Personali per le finalit\u00e0 indicate al punto a) potr\u00e0, invece, essere svolto sulla base dell\u2019interesse legittimo del Titolare del Trattamento, a prescindere dal tuo consenso e comunque sino ad opposizione\n                      a tale Trattamento.<\/p>\n                    <p><strong>5 Modalit\u00e0 di raccolta dei Dati Personali<\/strong><\/p>\n                    <p>Il trattamento dei tuoi dati:<\/p>\n                    <p>a) avverr\u00e0 nel pieno rispetto dei principi di riservatezza, correttezza, necessit\u00e0, pertinenza, liceit\u00e0 e trasparenza in modo da garantire la sicurezza e la riservatezza dei dati, mediante l\u2019adozione delle misure previste dall\u2019articolo\n                      32 del Regolamento al fine di preservare l\u2019integrit\u00e0 dei dati trattati e prevenire l\u2019accesso agli stessi da parte di soggetti non autorizzati.<\/p>\n                    <p>b) sar\u00e0 effettuato da personale incaricato e specializzato con strumenti cartacei, informatici, elettronici e con ogni altro tipo di supporto tecnologicamente ritenuto idoneo.<\/p>\n                    <p><strong>6 Le categorie dei dati personali raccolti<\/strong><\/p>\n                    <p>I Dati Personali raccolti e trattati dal Titolare del Trattamento sono dati di natura personale (a titolo esemplificativo e non esaustivo: nome, cognome, azienda di appartenenza, indirizzo e-mail, numero di telefono).<\/p>\n                    <p><strong>7 Eventuale comunicazione dei Dati personali<\/strong><\/p>\n                    <p>I tuoi Dati Personali potranno essere comunicati a specifici soggetti considerati destinatari ai sensi e per gli effetti dell\u2019art. 4 punto 9 del Regolamento. In particolare, al fine di svolgere correttamente il Trattamento e perseguire\n                      le finalit\u00e0 sopra descritte, i tuoi Dati Personali potranno essere trattati anche dai seguenti destinatari:<\/p>\n                    <p>\u2022 soggetti terzi che svolgono parte delle attivit\u00e0 di trattamento e\/o attivit\u00e0 connesse alle stesse per conto del Titolare del Trattamento. Prima del trattamento, tali soggetti saranno nominati responsabili del trattamento;<\/p>\n                    <p>\u2022 dipendenti, collaboratori o singoli consulenti del Titolare del Trattamento e\/o dei Contitolari del Trattamento a cui sono state affidate specifiche attivit\u00e0 di trattamento dei Dati Personali e come tali identificate, a norma dell\u2019art.\n                      4 punto, \u201cPersone Autorizzate\u201d;<\/p>\n                    <p>\u2022 ad autorit\u00e0 giudiziarie o enti pubblici, ove richiesto per legge.<\/p>\n                    <p><strong>8 Luogo di trattamento ed eventuale trasferimento al di fuori dell\u2019UE<\/strong><\/p>\n                    <p>I Dati Personali verranno trattati dal Titolare del Trattamento all\u2019interno del territorio dell\u2019Unione Europea. Qualora per questioni di natura tecnica e\/o operativa si renda necessario avvalersi di soggetti al di fuori dell\u2019UE, il\n                      Titolare del Trattamento provveder\u00e0 alla loro nomina come responsabili del trattamento ai sensi e per gli effetti dell\u2019art. 28 del Regolamento, assicurando fin da ora che l\u2019eventuale trasferimento dei dati Extra UE, avverr\u00e0 in conformit\u00e0\n                      alle disposizioni di legge applicabili. Per proteggere i tuoi dati nell\u2019ambito di questi trasferimenti, verranno adottate garanzie appropriate, tra cui le decisioni di adeguatezza e le clausole contrattuali standard approvate dalla\n                      Commissione Europea.<\/p>\n                    <p><strong>9 Conservazione e cancellazione dei dati<\/strong><\/p>\n                    <p>I tuoi Dati Personali saranno conservati dal Titolare del Trattamento limitatamente a quanto necessario per il perseguimento della finalit\u00e0 descritta al precedente punto 3, ovvero fino alla cessazione del rapporto con il Titolare del\n                      Trattamento, fatto salvo un ulteriore periodo di conservazione che potr\u00e0 essere imposto da norme di legge.<\/p>\n                    <p>Relativamente ai trattamenti svolti per le finalit\u00e0 descritte al precedente punto 4, il Titolare del Trattamento potr\u00e0 trattare i tuoi Dati Personali fino a quando non verr\u00e0 da te comunicata la volont\u00e0 di revocare il consenso ad una\n                      o tutte le finalit\u00e0 per le quali \u00e8 stato chiesto.<\/p>\n                    <p><strong>10 Quali sono i diritti dell\u2019interessato<\/strong><\/p>\n                    <p>L\u2019interessato potr\u00e0 in ogni momento esercitare i diritti previsti dagli artt. da 15 a 22 Regolamenti UE 2016\/679 (clicca qui per visionarne il contenuto) fra cui:<\/p>\n                    <p>a) ricevere conferma dell\u2019esistenza dei propri dati personali, conoscere le finalit\u00e0 del trattamento o il loro ambito di circolazione e accedere al loro contenuto;<\/p>\n                    <p>b) aggiornare, modificare e\/o correggere i propri dati personali;<\/p>\n                    <p>c) chiedere la cancellazione, la trasformazione in forma anonima, il blocco dei dati eventualmente trattati in violazione di legge o la limitazione del trattamento;<\/p>\n                    <p>d) opporsi per motivi legittimi al trattamento dei dati, compresa la profilazione;<\/p>\n                    <p>e) opporsi al trattamento di dati a fini di invio di materiale pubblicitario o di vendita diretta o per il compimento di ricerche di mercato o di comunicazione commerciale;<\/p>\n                    <p>f) revocare il consenso, ove prestato, senza pregiudizio per la liceit\u00e0 del trattamento basata sul consenso prestato prima della revoca;<\/p>\n                    <p>g) ricevere copia dei dati forniti e chiedere che tali dati siano trasmessi ad un altro titolare del trattamento.<\/p>\n                    <p>Si sottolinea che il diritto di opposizione dell\u2019interessato al trattamento dei propri dati personali per le finalit\u00e0 commerciali e di marketing effettuato attraverso modalit\u00e0 automatizzate di contatto, si estende anche a quelle tradizionali\n                      restando comunque salva la possibilit\u00e0 per l\u2019Interessato di esercitare tale diritto in parte ossia, in tal caso, opponendosi, ad esempio, al solo invio di comunicazioni promozionali effettuato tramite strumenti automatizzati.<\/p>\n                    <p>Per esercitare i suddetti diritti, baster\u00e0 contattare il Titolare del Trattamento e\/o i Contitolari del Trattamento nelle seguenti modalit\u00e0:<\/p>\n                    <p>\u2013 inviando e-mail a privacy@engineon.eu<\/p>\n                    <p><strong>11 Modalit\u00e0 di revoca del consenso<\/strong><\/p>\n                    <p>\u00c8 sempre possibile una revoca del consenso tramite un link integrato nelle e-mail ricevute dall\u2019Interessato, con l\u2019opzione \u201ccancellami\u201d, o inviando comunicazione scritta al Titolare del Trattamento.<\/p>\n                    <p>Qualora l\u2019Interessato ravvisasse una violazione dei propri diritti pu\u00f2 rivolgersi all\u2019autorit\u00e0 di controllo competente ai sensi dell\u2019art. 77 del GDPR, resta salva la possibilit\u00e0 di rivolgersi direttamente all\u2019autorit\u00e0 giudiziaria.<\/p>\n                    <p><strong>12 Contatti<\/strong><\/p>\n                    <p>Engineon S.r.l. con sede legale in Roma (RM), Via Ostiense, 339, iscritta al Registro elle Imprese di Roma, Codice Fiscale n. 15914731003 e Partita IVA n. 15914731003 (di seguito il \u201cTitolare del Trattamento\u201d).<\/p>\n                    <p>\u2013 e-mail: privacy@engineon.eu<\/p>\n                    <p>L\u2019elenco dei responsabili e degli incaricati al trattamento \u00e8 custodito presso la sede del Titolare<\/p>\n                    <p>Aggiornamento Dicembre 2020<\/p>\n                  <\/div>\n                <\/div>\n              <\/div>\n            <\/div>\n          <\/div>\n        <\/div>\n      <\/div>\n    <\/div>\n  <\/div>\n<\/div>","protected":false},"excerpt":{"rendered":"<p>PRIVACY POLICY Informativa privacy ex art. 13 \u2013 art. 14 Regolamento UE 2016\/679 1 Chi siamo e qual \u00e8 lo scopo di questo documento Engineon S.r.l., azienda che opera nella consulenza aziendale e sviluppa soluzioni tecnologiche in ambito ICT, considera di fondamentale importanza la tutela dei dati personali dei propri clienti, di quelli potenziali e [&hellip;]<\/p>\n","protected":false},"author":1,"featured_media":0,"parent":0,"menu_order":0,"comment_status":"closed","ping_status":"closed","template":"page-templates\/full-width-page.php","meta":{"footnotes":""},"class_list":["post-2111","page","type-page","status-publish","hentry"],"_links":{"self":[{"href":"https:\/\/www.engineon.eu\/index.php\/wp-json\/wp\/v2\/pages\/2111","targetHints":{"allow":["GET"]}}],"collection":[{"href":"https:\/\/www.engineon.eu\/index.php\/wp-json\/wp\/v2\/pages"}],"about":[{"href":"https:\/\/www.engineon.eu\/index.php\/wp-json\/wp\/v2\/types\/page"}],"author":[{"embeddable":true,"href":"https:\/\/www.engineon.eu\/index.php\/wp-json\/wp\/v2\/users\/1"}],"replies":[{"embeddable":true,"href":"https:\/\/www.engineon.eu\/index.php\/wp-json\/wp\/v2\/comments?post=2111"}],"version-history":[{"count":4,"href":"https:\/\/www.engineon.eu\/index.php\/wp-json\/wp\/v2\/pages\/2111\/revisions"}],"predecessor-version":[{"id":2535,"href":"https:\/\/www.engineon.eu\/index.php\/wp-json\/wp\/v2\/pages\/2111\/revisions\/2535"}],"wp:attachment":[{"href":"https:\/\/www.engineon.eu\/index.php\/wp-json\/wp\/v2\/media?parent=2111"}],"curies":[{"name":"wp","href":"https:\/\/api.w.org\/{rel}","templated":true}]}}